{"id":851,"date":"2020-12-06T13:13:19","date_gmt":"2020-12-06T11:13:19","guid":{"rendered":"https:\/\/my.bizplay.ee\/product\/minu-raha-mangukomplekt\/"},"modified":"2025-05-09T14:48:40","modified_gmt":"2025-05-09T11:48:40","slug":"minu-raha-mangukomplekt","status":"publish","type":"product","link":"https:\/\/my.bizplay.ee\/et\/toode\/minu-raha-mangukomplekt\/","title":{"rendered":"Minu Raha m\u00e4ngukomplekt"},"content":{"rendered":"<p>&#8220;Minu Raha&#8221; on lastegrupile disainitud praktiline \u00f5ppem\u00e4ng, mis aitab lastel rahast aru saada ning toetab nende sotsiaalse ja suhtlusp\u00e4devuse arengut.<\/p>\n<p>Iga laps unistab, et tal oleks oma raha, mida saaks kasutada nii nagu ise soovib. Kui raha saab otsa, tuleb t\u00f6\u00f6le minna, et palka saada. T\u00f6\u00f6l on palju kliente, keda teenindatakse viisakalt, et ettev\u00f5ttele raha teenida. Ettev\u00f5tte raha viiakse p\u00e4eva l\u00f5pus panka hoiule. Kas k\u00f5ike, mis poes silma j\u00e4\u00e4b, on vaja alati osta?<\/p>\n<p><a href=\"https:\/\/bizplay.ee\/minu-raha\">Loe t\u00e4psemalt&#8230;<\/a><\/p>\n","protected":false},"excerpt":{"rendered":"<p>&#8220;Minu Raha&#8221; on lastegrupile disainitud praktiline \u00f5ppem\u00e4ng, mis aitab lastel rahast aru saada ning toetab nende sotsiaalse ja suhtlusp\u00e4devuse arengut<\/p>\n","protected":false},"featured_media":853,"template":"","meta":{"_acf_changed":false},"product_cat":[80],"product_tag":[],"class_list":{"0":"post-851","1":"product","2":"type-product","3":"status-publish","4":"has-post-thumbnail","6":"product_cat-komplektid","8":"first","9":"instock","10":"taxable","11":"shipping-taxable","12":"purchasable","13":"product-type-simple"},"acf":[],"_links":{"self":[{"href":"https:\/\/my.bizplay.ee\/et\/wp-json\/wp\/v2\/product\/851"}],"collection":[{"href":"https:\/\/my.bizplay.ee\/et\/wp-json\/wp\/v2\/product"}],"about":[{"href":"https:\/\/my.bizplay.ee\/et\/wp-json\/wp\/v2\/types\/product"}],"wp:featuredmedia":[{"embeddable":true,"href":"https:\/\/my.bizplay.ee\/et\/wp-json\/wp\/v2\/media\/853"}],"wp:attachment":[{"href":"https:\/\/my.bizplay.ee\/et\/wp-json\/wp\/v2\/media?parent=851"}],"wp:term":[{"taxonomy":"product_cat","embeddable":true,"href":"https:\/\/my.bizplay.ee\/et\/wp-json\/wp\/v2\/product_cat?post=851"},{"taxonomy":"product_tag","embeddable":true,"href":"https:\/\/my.bizplay.ee\/et\/wp-json\/wp\/v2\/product_tag?post=851"}],"curies":[{"name":"wp","href":"https:\/\/api.w.org\/{rel}","templated":true}]}}