{"id":849,"date":"2020-12-06T13:34:18","date_gmt":"2020-12-06T11:34:18","guid":{"rendered":"https:\/\/my.bizplay.ee\/product\/ettevotlik-pere-mangukomplekt\/"},"modified":"2025-05-09T14:49:00","modified_gmt":"2025-05-09T11:49:00","slug":"ettevotlik-pere-mangukomplekt","status":"publish","type":"product","link":"https:\/\/my.bizplay.ee\/et\/toode\/ettevotlik-pere-mangukomplekt\/","title":{"rendered":"Ettev\u00f5tlik pere m\u00e4ngukomplekt"},"content":{"rendered":"<p>&#8220;Ettev\u00f5tlik pere&#8221; on praktiline \u00f5ppem\u00e4ng mis selgitab kuidas toimib perefirma, kuidas raha s\u00e4\u00e4sta ja milline on edukas meeskonnat\u00f6\u00f6?<\/p>\n<p>Igal perel on suur unistus, mille t\u00e4itumiseks tuleb perel \u00fchiselt raha s\u00e4\u00e4sta. M\u00e4ngijad hakkavad t\u00f6\u00f6le pereettev\u00f5tetes, mille raha teenitakse firma tooteid\/teenuseid m\u00fc\u00fces. T\u00f6\u00f6 tegemise eest makstakse palka ning perekonna raha kulub eluks vajaliku peale nagu toit, riided, eluase jm. Mille arvelt raha s\u00e4\u00e4sta, et pere unistus saaks t\u00e4idetud?<\/p>\n<p><a href=\"https:\/\/bizplay.ee\/ettevotlik-pere\">Loe t\u00e4psemalt &#8230;<\/a><\/p>\n","protected":false},"excerpt":{"rendered":"<p>&#8220;Ettev\u00f5tlik pere&#8221; on praktiline \u00f5ppem\u00e4ng mis selgitab kuidas toimib perefirma, kuidas raha s\u00e4\u00e4sta ja milline on edukas meeskonnat\u00f6\u00f6?<\/p>\n","protected":false},"featured_media":850,"template":"","meta":{"_acf_changed":false},"product_cat":[80],"product_tag":[],"class_list":{"0":"post-849","1":"product","2":"type-product","3":"status-publish","4":"has-post-thumbnail","6":"product_cat-komplektid","8":"first","9":"instock","10":"taxable","11":"shipping-taxable","12":"purchasable","13":"product-type-simple"},"acf":[],"_links":{"self":[{"href":"https:\/\/my.bizplay.ee\/et\/wp-json\/wp\/v2\/product\/849"}],"collection":[{"href":"https:\/\/my.bizplay.ee\/et\/wp-json\/wp\/v2\/product"}],"about":[{"href":"https:\/\/my.bizplay.ee\/et\/wp-json\/wp\/v2\/types\/product"}],"wp:featuredmedia":[{"embeddable":true,"href":"https:\/\/my.bizplay.ee\/et\/wp-json\/wp\/v2\/media\/850"}],"wp:attachment":[{"href":"https:\/\/my.bizplay.ee\/et\/wp-json\/wp\/v2\/media?parent=849"}],"wp:term":[{"taxonomy":"product_cat","embeddable":true,"href":"https:\/\/my.bizplay.ee\/et\/wp-json\/wp\/v2\/product_cat?post=849"},{"taxonomy":"product_tag","embeddable":true,"href":"https:\/\/my.bizplay.ee\/et\/wp-json\/wp\/v2\/product_tag?post=849"}],"curies":[{"name":"wp","href":"https:\/\/api.w.org\/{rel}","templated":true}]}}