{"id":847,"date":"2020-12-06T13:34:57","date_gmt":"2020-12-06T11:34:57","guid":{"rendered":"https:\/\/my.bizplay.ee\/product\/ettevotlik-kodanik-mangukomplekt\/"},"modified":"2025-05-09T14:49:20","modified_gmt":"2025-05-09T11:49:20","slug":"ettevotlik-kodanik-mangukomplekt","status":"publish","type":"product","link":"https:\/\/my.bizplay.ee\/et\/toode\/ettevotlik-kodanik-mangukomplekt\/","title":{"rendered":"Ettev\u00f5tlik kodanik m\u00e4ngukomplekt"},"content":{"rendered":"<p>&#8220;Ettev\u00f5tlik kodanik&#8221; on \u00f5ppem\u00e4ng, mis selgitab kuidas toimib ettev\u00f5te, mis on maksud ja mida riik rahaga teeb?<\/p>\n<p>Ettev\u00f5tlikud kodanikud t\u00f6\u00f6tavad oma firmas, maksavad palka ja riigile makse ning tasuvad igakuiselt tegevusega seotud p\u00fcsikulud. K\u00f5igil on kiire ja t\u00f6\u00f6d on palju, kuid raha aina v\u00e4heneb. Noored ettev\u00f5tjad on sunnitud m\u00f5tlema, kas saab kuskilt kokku hoida v\u00f5i on m\u00f5istlikum leida rohkem kliente. K\u00f5ik valikud on v\u00f5imalikud, kuid kas need lahendavad probleemi?<\/p>\n<p><a href=\"https:\/\/bizplay.ee\/ettevotlik-kodanik\">Loe t\u00e4psemalt&#8230;<\/a><\/p>\n","protected":false},"excerpt":{"rendered":"<p>&#8220;Ettev\u00f5tlik kodanik&#8221; on \u00f5ppem\u00e4ng, mis selgitab kuidas toimib ettev\u00f5te, mis on maksud ja mida riik rahaga teeb?<\/p>\n","protected":false},"featured_media":848,"template":"","meta":{"_acf_changed":false},"product_cat":[80],"product_tag":[],"class_list":{"0":"post-847","1":"product","2":"type-product","3":"status-publish","4":"has-post-thumbnail","6":"product_cat-komplektid","8":"first","9":"instock","10":"taxable","11":"shipping-taxable","12":"purchasable","13":"product-type-simple"},"acf":[],"_links":{"self":[{"href":"https:\/\/my.bizplay.ee\/et\/wp-json\/wp\/v2\/product\/847"}],"collection":[{"href":"https:\/\/my.bizplay.ee\/et\/wp-json\/wp\/v2\/product"}],"about":[{"href":"https:\/\/my.bizplay.ee\/et\/wp-json\/wp\/v2\/types\/product"}],"wp:featuredmedia":[{"embeddable":true,"href":"https:\/\/my.bizplay.ee\/et\/wp-json\/wp\/v2\/media\/848"}],"wp:attachment":[{"href":"https:\/\/my.bizplay.ee\/et\/wp-json\/wp\/v2\/media?parent=847"}],"wp:term":[{"taxonomy":"product_cat","embeddable":true,"href":"https:\/\/my.bizplay.ee\/et\/wp-json\/wp\/v2\/product_cat?post=847"},{"taxonomy":"product_tag","embeddable":true,"href":"https:\/\/my.bizplay.ee\/et\/wp-json\/wp\/v2\/product_tag?post=847"}],"curies":[{"name":"wp","href":"https:\/\/api.w.org\/{rel}","templated":true}]}}