{"id":949,"date":"2020-12-18T20:31:34","date_gmt":"2020-12-18T18:31:34","guid":{"rendered":"https:\/\/my.bizplay.ee\/liitu\/"},"modified":"2025-05-12T12:24:13","modified_gmt":"2025-05-12T09:24:13","slug":"liitu","status":"publish","type":"page","link":"https:\/\/my.bizplay.ee\/et\/liitu\/","title":{"rendered":"Liitu"},"content":{"rendered":"<div class='breakdance'><div class=\"bde-globalblock-949-100 bde-globalblock\"><div class='breakdance'><section class=\"bde-section-3753-100-3753-1 bde-section bde-section-3753-100\">\n  \n  \n\t\n\n\n\n<div class=\"section-container\"><div class=\"bde-columns-3753-111-3753-1 bde-columns bde-columns-3753-111\"><div class=\"bde-column-3753-112-3753-1 bde-column bde-column-3753-112\">\n  \n  \n\t\n\n\n\n<div class=\"bde-grid-3753-115-3753-1 bde-grid bde-grid-3753-115\">\n  \n  \n\t\n\n\n\n<div class=\"bde-div-3753-116-3753-1 bde-div bde-div-3753-116\">\n  \n  \n\t\n\n\n\n<a class=\"bde-text-link-3753-117-3753-1 bde-text-link bde-text-link-3753-117 breakdance-link\" href=\"http:\/\/my.bizplay.ee\/et\/logi-sisse\/\" target=\"_self\" data-type=\"url\">\n  LOGI SISSE\n\n<\/a>\n<\/div><div class=\"bde-div-3753-118-3753-1 bde-div bde-div-3753-118\">\n  \n  \n\t\n\n\n\n<a class=\"bde-text-link-3753-119-3753-1 bde-text-link bde-text-link-3753-119 breakdance-link\" href=\"#\" target=\"_self\" data-type=\"url\">\n  LIITU\n\n<\/a>\n<\/div>\n<\/div><div class=\"bde-shortcodewrapper-3753-120-3753-1 bde-shortcodewrapper bde-shortcodewrapper-3753-120\">\n<div class=\"um um-register um-3873\">\n\t<div class=\"um-form\" data-mode=\"register\">\n\t\t<form method=\"post\" action=\"\">\n\t\t\t<div class=\"um-row _um_row_1 \" style=\"margin: 0 0 30px 0;\"><div class=\"um-col-1\"><div  id=\"um_field_3873_first_name\" class=\"um-field um-field-text  um-field-first_name um-field-text um-field-type_text\" data-key=\"first_name\"><div class=\"um-field-label\"><label for=\"first_name-3873\">Eesnimi<\/label><div class=\"um-clear\"><\/div><\/div><div class=\"um-field-area\"><input  autocomplete=\"off\" class=\"um-form-field valid \" type=\"text\" name=\"first_name-3873\" id=\"first_name-3873\" value=\"\" placeholder=\"\" data-validate=\"\" data-key=\"first_name\"  aria-invalid=\"false\" \/>\n\n\t\t\t\t\t\t<\/div><\/div><div  id=\"um_field_3873_last_name\" class=\"um-field um-field-text  um-field-last_name um-field-text um-field-type_text\" data-key=\"last_name\"><div class=\"um-field-label\"><label for=\"last_name-3873\">Perenimi<\/label><div class=\"um-clear\"><\/div><\/div><div class=\"um-field-area\"><input  autocomplete=\"off\" class=\"um-form-field valid \" type=\"text\" name=\"last_name-3873\" id=\"last_name-3873\" value=\"\" placeholder=\"\" data-validate=\"\" data-key=\"last_name\"  aria-invalid=\"false\" \/>\n\n\t\t\t\t\t\t<\/div><\/div><div  id=\"um_field_3873_last_name_6\" class=\"um-field um-field-text  um-field-last_name_6 um-field-text um-field-type_text\" data-key=\"last_name_6\"><div class=\"um-field-label\"><label for=\"last_name_6-3873\">Organisatsioon<\/label><div class=\"um-clear\"><\/div><\/div><div class=\"um-field-area\"><input  autocomplete=\"off\" class=\"um-form-field valid not-required \" type=\"text\" name=\"last_name_6-3873\" id=\"last_name_6-3873\" value=\"\" placeholder=\"\" data-validate=\"\" data-key=\"last_name_6\"  aria-invalid=\"false\" \/>\n\n\t\t\t\t\t\t<\/div><\/div><div  id=\"um_field_3873_user_email\" class=\"um-field um-field-text  um-field-user_email um-field-text um-field-type_text\" data-key=\"user_email\"><div class=\"um-field-label\"><label for=\"user_email-3873\">E-posti aadress<\/label><div class=\"um-clear\"><\/div><\/div><div class=\"um-field-area\"><input  autocomplete=\"off\" class=\"um-form-field valid \" type=\"text\" name=\"user_email-3873\" id=\"user_email-3873\" value=\"\" placeholder=\"\" data-validate=\"unique_email\" data-key=\"user_email\"  aria-invalid=\"false\" \/>\n\n\t\t\t\t\t\t<\/div><\/div><div  id=\"um_field_3873_user_password\" class=\"um-field um-field-password  um-field-user_password um-field-password um-field-type_password\" data-key=\"user_password\"><div class=\"um-field-label\"><label for=\"user_password-3873\">Salas\u00f5na<\/label><div class=\"um-clear\"><\/div><\/div><div class=\"um-field-area\"><input class=\"um-form-field valid \" type=\"password\" name=\"user_password-3873\" id=\"user_password-3873\" value=\"\" placeholder=\"\" data-validate=\"\" data-key=\"user_password\"  aria-invalid=\"false\" \/>\n\n\t\t\t\t\t\t\t<\/div><\/div><div  id=\"um_field_3873_confirm_user_password\" class=\"um-field um-field-password  um-field-user_password um-field-password um-field-type_password\" data-key=\"confirm_user_password\"><div class=\"um-field-label\"><label for=\"confirm_user_password-3873\">Korda Salas\u00f5na<\/label><div class=\"um-clear\"><\/div><\/div><div class=\"um-field-area\"><input class=\"um-form-field valid \" type=\"password\" name=\"confirm_user_password-3873\" id=\"confirm_user_password-3873\" value=\"\" placeholder=\"Korda Salas\u00f5na\" data-validate=\"\" data-key=\"confirm_user_password\"  aria-invalid=\"false\" \/><\/div><\/div><\/div><\/div>\n<!-- This file should primarily consist of HTML with a little bit of PHP. -->\n<div class=\"um-field um-field-type_terms_conditions\" data-key=\"use_terms_conditions_agreement\" style=\"display:block;padding:0;\">\n\t<div class=\"um-field-area\">\n\t\t<div class=\"um-gdpr-content\" style=\"display:none;\">\n\t\t\t\t\t<\/div>\n\n\t\t\n\t\t<a href=\"javascript:void(0);\" class=\"um-toggle-gdpr\" data-toggle-state=\"hidden\"\n\t\t   data-toggle-show=\"Privaatsuspoliitika\"\n\t\t   data-toggle-hide=\"Hide privacy policy\">\n\t\t\tPrivaatsuspoliitika\t\t<\/a>\n\t<\/div>\n\t<div class=\"um-field-area\">\n\n\t\t\n\t\t<label class=\"um-field-checkbox\">\n\t\t\t<input type=\"checkbox\" name=\"use_gdpr_agreement\" value=\"1\">\n\t\t\t<span class=\"um-field-checkbox-state\"><i class=\"um-icon-android-checkbox-outline-blank\"><\/i><\/span>\n\t\t\t<span class=\"um-field-checkbox-option\">Kinnitage, et n\u00f5ustute meie tingimustega<\/span>\n\t\t<\/label>\n\t\t<div class=\"um-clear\"><\/div>\n\n\t\t\n\t\t<div class=\"um-clear\"><\/div>\n\t<\/div>\n<\/div>\n\t\t<input type=\"hidden\" name=\"form_id\" id=\"form_id_3873\" value=\"3873\" \/>\n\t\n\t<p class=\"um_request_name\">\n\t\t<label for=\"um_request_3873\">Only fill in if you are not human<\/label>\n\t\t<input type=\"hidden\" name=\"um_request\" id=\"um_request_3873\" class=\"input\" value=\"\" size=\"25\" autocomplete=\"off\" \/>\n\t<\/p>\n\n\t<input type=\"hidden\" id=\"_wpnonce\" name=\"_wpnonce\" value=\"c184756839\" \/><input type=\"hidden\" name=\"_wp_http_referer\" value=\"\/et\/wp-json\/wp\/v2\/pages\/949\" \/>\n\t<div class=\"um-col-alt\">\n\n\t\t\n\t\t\t<div class=\"um-center\">\n\t\t\t\t<input type=\"submit\" value=\"Liitu\" class=\"um-button\" id=\"um-submit-btn\" \/>\n\t\t\t<\/div>\n\n\t\t\n\t\t<div class=\"um-clear\"><\/div>\n\n\t<\/div>\n\n\t\t\t<\/form>\n\t<\/div>\n<\/div>\n<style>\n\t\t\t.um-3873.um {\n\t\t\tmax-width: 450px;\n\t\t}\n\t\t\t\t.um-3873.um {\n\t\t\tmargin-left: 0px !important;\n\t\t}\n\t<\/style>\n <\/div>\n<\/div><div class=\"bde-column-3753-113-3753-1 bde-column bde-column-3753-113\">\n  \n  \n\t\n\n\n\n\n<\/div><\/div><\/div>\n<\/section><\/div><\/div><div class=\"bde-globalblock-949-101 bde-globalblock\"><div class='breakdance'><section class=\"bde-section-3756-104-3756-1 bde-section bde-section-3756-104\">\n  \n  \n\t\n\n\n\n<div class=\"section-container\"><h1 class=\"bde-heading-3756-119-3756-1 bde-heading bde-heading-3756-119\">\nSiit keskkonnast leiad: \n<\/h1><\/div>\n<\/section><\/div><\/div><\/div>","protected":false},"excerpt":{"rendered":"<p>LOGI SISSE LIITU Eesnimi Perenimi Organisatsioon E-posti aadress Salas\u00f5na Korda Salas\u00f5na Privaatsuspoliitika Kinnitage, et n\u00f5ustute meie tingimustega Only fill in &hellip; <\/p>\n","protected":false},"author":1,"featured_media":0,"parent":0,"menu_order":0,"comment_status":"closed","ping_status":"closed","template":"","meta":{"_acf_changed":false,"_breakdance_hide_in_design_set":false,"_breakdance_tags":"","footnotes":""},"class_list":["post-949","page","type-page","status-publish","hentry"],"acf":[],"_links":{"self":[{"href":"https:\/\/my.bizplay.ee\/et\/wp-json\/wp\/v2\/pages\/949"}],"collection":[{"href":"https:\/\/my.bizplay.ee\/et\/wp-json\/wp\/v2\/pages"}],"about":[{"href":"https:\/\/my.bizplay.ee\/et\/wp-json\/wp\/v2\/types\/page"}],"author":[{"embeddable":true,"href":"https:\/\/my.bizplay.ee\/et\/wp-json\/wp\/v2\/users\/1"}],"replies":[{"embeddable":true,"href":"https:\/\/my.bizplay.ee\/et\/wp-json\/wp\/v2\/comments?post=949"}],"version-history":[{"count":5,"href":"https:\/\/my.bizplay.ee\/et\/wp-json\/wp\/v2\/pages\/949\/revisions"}],"predecessor-version":[{"id":17415,"href":"https:\/\/my.bizplay.ee\/et\/wp-json\/wp\/v2\/pages\/949\/revisions\/17415"}],"wp:attachment":[{"href":"https:\/\/my.bizplay.ee\/et\/wp-json\/wp\/v2\/media?parent=949"}],"curies":[{"name":"wp","href":"https:\/\/api.w.org\/{rel}","templated":true}]}}