{"id":3866,"date":"2024-09-18T15:08:59","date_gmt":"2024-09-18T12:08:59","guid":{"rendered":"https:\/\/my.bizplay.ee\/?page_id=3866"},"modified":"2025-05-12T12:26:13","modified_gmt":"2025-05-12T09:26:13","slug":"lahtesta-parool","status":"publish","type":"page","link":"https:\/\/my.bizplay.ee\/et\/lahtesta-parool\/","title":{"rendered":"L\u00e4htesta parool"},"content":{"rendered":"<div class='breakdance'><section class=\"bde-section-3866-100 bde-section\">\n  \n  \n\t\n\n\n\n<div class=\"section-container\"><div class=\"bde-columns-3866-101 bde-columns\"><div class=\"bde-column-3866-102 bde-column\">\n  \n  \n\t\n\n\n\n<h3 class=\"bde-heading-3866-103 bde-heading\">\nL\u00e4htesta parool\n<\/h3><div class=\"bde-shortcodewrapper-3866-104 bde-shortcodewrapper\">\n<div class=\"um um-password um-um_password_id\">\n\t<div class=\"um-form\">\n\t\t<form method=\"post\" action=\"\">\n\t\t\t\n\t\t\t\t<input type=\"hidden\" name=\"_um_password_reset\" id=\"_um_password_reset\" value=\"1\" \/>\n\n\t\t\t\t\t\t\t\t\t<div class=\"um-field um-field-block um-field-type_block\">\n\t\t\t\t\t\t<div class=\"um-field-block\">\n\t\t\t\t\t\t\t<div style=\"text-align:center;\">\n\t\t\t\t\t\t\t\tParooli l\u00e4htestamiseks sisestage oma kasutajanimi v\u00f5i e-maili aadress\t\t\t\t\t\t\t<\/div>\n\t\t\t\t\t\t<\/div>\n\t\t\t\t\t<\/div>\n\t\t\t\t<div  id=\"um_field_0_username_b\" class=\"um-field um-field-text  um-field-username_b um-field-text um-field-type_text\" data-key=\"username_b\"><div class=\"um-field-area\"><input  autocomplete=\"off\" class=\"um-form-field valid \" type=\"text\" name=\"username_b\" id=\"username_b\" value=\"\" placeholder=\"Sisesta kasutajanimi v\u00f5i e-mail\" data-validate=\"\" data-key=\"username_b\"  aria-invalid=\"false\" \/>\n\n\t\t\t\t\t\t<\/div><\/div>\n\t\t\t\t<div class=\"um-col-alt um-col-alt-b\">\n\n\t\t\t\t\t<div class=\"um-center\">\n\t\t\t\t\t\t<input type=\"submit\" value=\"Uuenda parool\" class=\"um-button\" id=\"um-submit-btn\" \/>\n\t\t\t\t\t<\/div>\n\n\t\t\t\t\t<div class=\"um-clear\"><\/div>\n\n\t\t\t\t<\/div>\n\n\t\t\t\t\t\t<input type=\"hidden\" name=\"form_id\" id=\"form_id_um_password_id\" value=\"um_password_id\" \/>\n\t\n\t<p class=\"um_request_name\">\n\t\t<label for=\"um_request_um_password_id\">Only fill in if you are not human<\/label>\n\t\t<input type=\"hidden\" name=\"um_request\" id=\"um_request_um_password_id\" class=\"input\" value=\"\" size=\"25\" autocomplete=\"off\" \/>\n\t<\/p>\n\n\t\t\t<\/form>\n\t<\/div>\n<\/div>\n<style>\n\t\t\t.um-um_password_id.um {\n\t\t\tmax-width: 450px;\n\t\t}\n\t\t<\/style>\n <\/div>\n<\/div><div class=\"bde-column-3866-105 bde-column\">\n  \n  \n\t\n\n\n\n\n<\/div><\/div><\/div>\n<\/section><\/div>","protected":false},"excerpt":{"rendered":"<p>L\u00e4htesta parool Parooli l\u00e4htestamiseks sisestage oma kasutajanimi v\u00f5i e-maili aadress Only fill in if you are not human<\/p>\n","protected":false},"author":363,"featured_media":0,"parent":0,"menu_order":0,"comment_status":"closed","ping_status":"closed","template":"","meta":{"_acf_changed":false,"_breakdance_hide_in_design_set":false,"_breakdance_tags":"","footnotes":""},"class_list":["post-3866","page","type-page","status-publish","hentry"],"acf":[],"_links":{"self":[{"href":"https:\/\/my.bizplay.ee\/et\/wp-json\/wp\/v2\/pages\/3866"}],"collection":[{"href":"https:\/\/my.bizplay.ee\/et\/wp-json\/wp\/v2\/pages"}],"about":[{"href":"https:\/\/my.bizplay.ee\/et\/wp-json\/wp\/v2\/types\/page"}],"author":[{"embeddable":true,"href":"https:\/\/my.bizplay.ee\/et\/wp-json\/wp\/v2\/users\/363"}],"replies":[{"embeddable":true,"href":"https:\/\/my.bizplay.ee\/et\/wp-json\/wp\/v2\/comments?post=3866"}],"version-history":[{"count":4,"href":"https:\/\/my.bizplay.ee\/et\/wp-json\/wp\/v2\/pages\/3866\/revisions"}],"predecessor-version":[{"id":17416,"href":"https:\/\/my.bizplay.ee\/et\/wp-json\/wp\/v2\/pages\/3866\/revisions\/17416"}],"wp:attachment":[{"href":"https:\/\/my.bizplay.ee\/et\/wp-json\/wp\/v2\/media?parent=3866"}],"curies":[{"name":"wp","href":"https:\/\/api.w.org\/{rel}","templated":true}]}}