{"id":2228,"date":"2023-01-17T17:44:51","date_gmt":"2023-01-17T15:44:51","guid":{"rendered":"https:\/\/my.bizplay.ee\/privaatsustingimused\/"},"modified":"2025-05-09T14:42:47","modified_gmt":"2025-05-09T11:42:47","slug":"privaatsustingimused","status":"publish","type":"page","link":"https:\/\/my.bizplay.ee\/et\/privaatsustingimused\/","title":{"rendered":"Privaatsustingimused"},"content":{"rendered":"<h2 class=\"wp-block-heading\">BIZPLAY PLATVORM<\/h2><p>Meie veebilehe aadress: https:\/\/my.bizplay.ee.<\/p><p>Viimati uuendatud: 05. mai 2022<\/p><p>Bizplay kogub isikuandmeid veebisaidi <a href=\"https:\/\/bizplay.ee\" target=\"_blank\" rel=\"noopener\">bizplay.ee<\/a> ja muude Bizplay poolt hallatavate alamdomeenide (\u201e<strong>Bizplay Platvorm<\/strong>\u201c) kasutajate kohta. Isikuandmete kogumine ja kasutamine v\u00f5imaldab meil osutada teile Bizplay Platvormi kaudu pakutavaid teenuseid, rakendusi v\u00f5i pakette, sealhulgas Bizplay Akadeemia, Bizplay M\u00e4ngurakenduse ja Bizplay Linnaku teenuseid eesm\u00e4rgiga viia l\u00e4bi m\u00e4ngijatele suunatud Bizplay m\u00e4nge ning kursuseid, v\u00f5imaldada Bizplay e-poe vahendusel pakutavaid tooteid osta ja pakkuda teile Bizplay Platvormil paremat kasutajakogemust. Bizplay kogub ja kasutab isikuandmeid vastavalt k\u00e4esolevatele Privaatsustingimustele (\u201e<strong>Privaatsustingimused<\/strong>\u201c), milles muu hulgas kirjeldatakse, milliseid isikuandmeid Bizplay kogub, milleks me neid andmeid kasutame ja kellel on isikuandmetele juurdep\u00e4\u00e4s.<\/p><p>Bizplay Privaatsustingimused on koostatud ning isikuandmeid t\u00f6\u00f6deldakse vastavalt isikuandmete kaitse \u00fcldm\u00e4\u00e4rusele (EL) 2016\/679 ja Eesti Vabariigi isikuandmete kaitse seadusele.<\/p><p>Palume teil Privaatsustingimused hoolikalt l\u00e4bi lugeda, sest need sisaldavad muu hulgas olulist teavet teie kui andmesubjekti \u00f5iguste kohta.<\/p><h3 class=\"wp-block-heading\">Vastutav t\u00f6\u00f6tleja<\/h3><p>Teie isikuandmete vastutav t\u00f6\u00f6tleja kehtivate isikuandmete kaitse \u00f5igusaktide t\u00e4henduses on <strong>Bizplay O\u00dc<\/strong>, registrikood 12527787, aadress: Rebase tn 5-31, Tartu 50104, Eesti (\u201e<strong>Bizplay<\/strong>\u201c v\u00f5i \u201e<strong>meie<\/strong>\u201c).<\/p><h2 class=\"wp-block-heading\">1. MILLISEID ANDMEID ME KOGUME JA KUIDAS ME NEID KASUTAME?<\/h2><p>Privaatsustingimuste t\u00e4henduses on \u201eisikuandmed\u201c mis tahes andmed tuvastatud v\u00f5i tuvastatava f\u00fc\u00fcsilise isiku kohta.<\/p><h3 class=\"wp-block-heading\">1.1 Bizplay Platvormi kasutusandmed<\/h3><p>Me arendame ja t\u00e4iustame pidevalt Bizplay Platvormi ning p\u00fc\u00fcame muuta seda kasutajatele mugavamaks ja meeldivamaks. Selle jaoks on meil vaja teada, milline teave Bizplay Platvormi kasutajaid enim huvitab, kui sageli kasutajad Bizplay Platvormi k\u00fclastavad, milliseid veebibrausereid ja\/v\u00f5i seadmeid kasutatakse, kuidas kasutajad Bizplay Platvormil navigeerivad jms.<\/p><p>Kui te k\u00fclastate Bizplay Platvormi, v\u00f5idakse teatud andmeid koguda teie jaoks m\u00e4rkamatult, kasutades selleks mitmesuguseid tehnoloogiaid nagu k\u00fcpsised, veebisildid ja veebimajakad, ning navigatsiooniandmeid (logifailid, serverilogid, klikiandmed, veebisaidi skriptid). Osa neist andmetest saadab teie veebibrauser v\u00f5i mobiiliseade automaatselt \u2013 n\u00e4iteks teie sirvitava veebisaidi v\u00f5i eelmisena k\u00fclastatud veebisaidi URL, teie arvuti v\u00f5i mobiilseadme IP-aadress ja parajasti kasutatav veebibrauseri versioon \u2013 lisaks salvestatakse teie Bizplay Platvormi saabumise aeg ja veebisaidid, mida te t\u00e4psemalt Bizplay Platvormil k\u00fclastate.<\/p><p>Kasutame Bizplay Platvormi kasutusandmete kogumiseks ja anal\u00fc\u00fcsimiseks erinevate koost\u00f6\u00f6partnerite poolt pakutavaid vahendeid ning t\u00f6\u00f6riistu. Loetelu meie koost\u00f6\u00f6partnerite kohta leiate Privaatsustingimuste punktis 2.<\/p><p>Isikuandmete kogumise \u00f5iguslikuks aluseks on meie ning teie (v\u00f5i teie poolt esindatava ettev\u00f5tte) vahel s\u00f5lmitud lepingu t\u00e4itmine v\u00f5i lepingueelsete toimingute tegemine, eesm\u00e4rgiga osutada teile (v\u00f5i teie poolt esindatavale ettev\u00f5ttele) Bizplay Platvormil pakutavat teenust ja\/v\u00f5i meie \u00f5igustatud huvi Bizplay Platvormi ning pakutavat teenust edasi arendada.<\/p><h3 class=\"wp-block-heading\">1.2 Kasutajakonto loomisega seotud teave<\/h3><p>Bizplay Platvormi kasutajakonto loomise eesm\u00e4rgil v\u00f5ime paluda teil sisestada oma nime, s\u00fcnniaja ja isikukoodi, elukoha aadressi, andmed isikut t\u00f5endava dokumendi kohta, mobiiltelefoni numbri, e-posti aadressi ja valitud kasutajakonto tunnuse ning parooli. \u00c4riklientide (eelk\u00f5ige haridusasutuste) puhul v\u00f5ime paluda teil sisestada ka andmeid teie ametikoha, esindatava ettev\u00f5tte \u00fcldise teabe ja kontaktandmete ning volituse (esindus\u00f5iguse) olemasolu kohta. <\/p><p>Isikuandmete kogumise \u00f5iguslikuks aluseks on meie ning teie (v\u00f5i teie poolt esindatava ettev\u00f5tte) vahel s\u00f5lmitud lepingu t\u00e4itmine v\u00f5i lepingueelsete toimingute tegemine.<\/p><h3 class=\"wp-block-heading\">1.3 Tehinguandmed<\/h3><p>Kui te esitate Bizplay Platvormil valitud tasulise teenuse v\u00f5i e-poes pakutava toote ostmiseks tellimuse, kogume me andmeid teie maksete ja tehingute kohta ning tehinguga seotud muud teavet nagu makseviis, arvelduskonto number ja omanik, panga nimi ning muu asjakohane informatsioon. Bizplay Platvormi kasutajakonto puudumisel kogume me e-poes pakutava toote ostmiseks ka Privaatsustingimuste punktis 1.2 s\u00e4testatud isikuandmeid.<\/p><p>Tehinguandmete kogumise \u00f5iguslikuks aluseks on meie ning teie kui f\u00fc\u00fcsilise isiku vahel s\u00f5lmitud lepingu t\u00e4itmine, v\u00f5i meie \u00f5igustatud huvi, kui leping on s\u00f5lmitud meie ja teie poolt esindatava ettev\u00f5tte vahel.<\/p><p>T\u00f6\u00f6tleme kogutud isikuandmeid ka selleks, et t\u00e4ita meile kehtivatest raamatupidamis- ja maksualastest \u00f5igusaktidest tulenevaid kohustusi. Sel juhul on isikuandmete t\u00f6\u00f6tlemise aluseks \u00f5igusaktide s\u00e4tted, mis kohustavad meid isikuandmeid t\u00f6\u00f6tlema.<\/p><h3 class=\"wp-block-heading\">1.4 P\u00e4ringud ja vastused<\/h3><p>Kui te saadate meile Bizplay Platvormi kaudu p\u00e4ringu, t\u00f6\u00f6tleme me teie kontaktandmeid ja p\u00e4ringu sisu, et sellele vastata.<\/p><p>Nende andmete kogumise \u00f5iguslikuks aluseks on meie \u00f5igustatud huvi vastata meie ja meie poolt pakutavate teenustega seotud p\u00e4ringutele.<\/p><h3 class=\"wp-block-heading\">1.5 \u00d5iguslike n\u00f5uetega seotud andmed<\/h3><p>Kui selleks on vajadus, v\u00f5ime t\u00f6\u00f6delda isikuandmeid j\u00e4rgimaks meie \u00f5igustatud huvi esitada, menetleda v\u00f5i kaitsta \u00f5iguslike n\u00f5udeid, mis t\u00f5usetuvad meie ning teie (v\u00f5i teie poolt esindatava ettev\u00f5tte) vahel s\u00f5lmitud lepingust.<\/p><h3 class=\"wp-block-heading\">1.6 Otseturundus<\/h3><p>Kui te annate n\u00f5usoleku Bizplay Platvormiga seotud e-kirjade saamiseks, sisestades selleks oma e-posti aadressi, v\u00f5ime kasutada teie e-posti aadressi uudiste, pakkumiste ja muude turunduslike teadaannete saatmiseks.<\/p><p>Teile otseturundussisu saatmise \u00f5iguslikuks aluseks on teie n\u00f5usolek v\u00f5i meie \u00f5igustatud huvi reklaamida Bizplay Platvormi ning anda teile teavet Bizplay ja Bizplay Platvormil pakutavate teenuste kohta. Teil on igal ajal \u00f5igus tagasi v\u00f5tta otseturundusmaterjalide saamiseks antud n\u00f5usolek, v\u00f5ttes meiega \u00fchendust e-posti aadressil <a href=\"mailto:info@bizplay.ee\">info@bizplay.ee<\/a>. T\u00e4iendavalt on teil v\u00f5imalus keelata oma e-posti kasutamine otseturunduseks, kl\u00f5psates meilt saadud s\u00f5numis sisalduvat loobumislinki.<\/p><h3 class=\"wp-block-heading\">1.7 K\u00fcpsised<\/h3><h5 class=\"wp-block-heading\">K\u00fcpsised \u2013 mis need on?<\/h5><p>K\u00fcpsised on v\u00e4ikesemahulised tekstifailid, mille Bizplay Platvorm v\u00f5ib teie k\u00fclastuse k\u00e4igus teie seadmesse salvestada. K\u00fcpsiste abil saab Bizplay Platvormi kasutamise h\u00f5lbustamiseks meeles pidada teie valikuid ja eelistusi, et neid ei peaks igal k\u00fclastusel v\u00f5i igal veebisaidil uuesti sisestama.<\/p><h5 class=\"wp-block-heading\">Milliseid k\u00fcpsiseid me kasutame?<\/h5><p>Bizplay Platvorm kasutab k\u00fcpsiseid, et salvestada teie IP-aadress ja sirvimisinfo, sealhulgas informatsioon k\u00fclastatud veebisaitide ja seal veedetud aja kohta, ning talletada Bizplay Platvormi kasutamise jaoks teie kasutatava seadme andmed ja eelistused.<\/p><p>Me kasutame k\u00fcpsiseid ka veebiliikluse ning kasutajate toimingute j\u00e4lgimiseks Bizplay Platvormil \u2013 neid andmeid kasutame me k\u00fclastajate k\u00e4itumise anal\u00fc\u00fcsimiseks ja parema kasutajakogemust pakkumiseks.<\/p><p>K\u00fcpsiste abil saame me:<\/p><ul class=\"wp-block-list\"><li>pakkuda teile Bizplay Platvormi k\u00fclastamisel paremat kasutajakogemust;<\/li>\n\n<li>v\u00f5imaldada teil m\u00e4\u00e4rata isiklikke eelistusi;<\/li>\n\n<li>koguda statistikat Bizplay Platvormi kasutamise kohta; ja<\/li>\n\n<li>m\u00f5\u00f5ta reklaamide t\u00f5husust.<\/li><\/ul><p>Bizplay Platvormil kasutame me j\u00e4rgmisi k\u00fcpsiseliike:<\/p><h4 class=\"wp-block-heading\">Funktsionaalsusk\u00fcpsised<\/h4><p>Funktsionaalsusk\u00fcpsised on vajalikud, et v\u00f5imaldada teil Bizplay Platvormil ringi navigeerida ja kasutada selle funktsioone. Funktsioonik\u00fcpsiseid kasutatakse n\u00e4iteks teie sisselogimisandmete meeldej\u00e4tmiseks.<\/p><h4 class=\"wp-block-heading\">Statistilised k\u00fcpsised<\/h4><p>Statistilised k\u00fcpsised koguvad anon\u00fc\u00fcmset statistikat selle kohta, kuidas k\u00fclastajad Bizplay Platvormi kasutavad. Statistilised k\u00fcpsised v\u00f5ivad n\u00e4iteks aidata meil m\u00f5ista, kuidas kasutajad Bizplay Platvormi sirvivad ja kasutavad ning milliseid selle osi kasutatakse enim. Statistilised k\u00fcpsised salvestatakse teie seadmesse ja neid kasutatakse ainult teie n\u00f5usoleku alusel. <\/p><h4 class=\"wp-block-heading\">Reklaamik\u00fcpsised<\/h4><p>Reklaamik\u00fcpsised koguvad infot teie veebisirvimisharjumuste kohta. Eesm\u00e4rk on aidata valida teile sobivat ja teie huvidele vastavat reklaami. V\u00f5ime neid k\u00fcpsiseid kasutada ka selleks, et n\u00e4idata teile sama reklaami vaid teatud arv kordi v\u00f5i hinnata, kuidas Bizplay Platvormil olevad reklaamid kasutajateni j\u00f5uavad. Reklaamik\u00fcpsiseid paigaldavad \u00fcldjuhul kolmandatest isikutest reklaamiv\u00f5rgustikud, et koguda veebik\u00e4itumise p\u00f5hjal infot teie huvide kohta. Reklaamik\u00fcpsised salvestatakse teie seadmesse ja neid kasutatakse ainult teie n\u00f5usoleku alusel.<\/p><h4 class=\"wp-block-heading\">Kolmandate osapoolte k\u00fcpsised<\/h4><p>Bizplay Platvormil v\u00f5ib olla ka sotsiaalmeediak\u00fcpsiseid. Need k\u00fcpsised v\u00f5imaldavad teil jagada Bizplay Platvormi kasutamisega seotud infot sotsiaalv\u00f5rgustikes, n\u00e4iteks Facebook. Kolmandate osapoolte k\u00fcpsiste eest meie ei vastuta ja need salvestatakse teie seadmesse ning neid kasutatakse ainult teie n\u00f5usoleku alusel. Palume teil hoolikalt tutvuda nimetatud kolmandate isikute privaatsustingimustega.<\/p><h5 class=\"wp-block-heading\">Kui kaua k\u00fcpsised minu seadmes p\u00fcsivad?<\/h5><p>K\u00fcpsised jagunevad kahte kategooriasse, millest s\u00f5ltub ka teie seadmes p\u00fcsimise aeg.<\/p><h4 class=\"wp-block-heading\">Sessioonik\u00fcpsised<\/h4><p>Sessioonik\u00fcpsised luuakse \u00fcksnes sessiooni ajaks ja neid hoitakse seadmes kuni te brauseri v\u00f5i mobiilirakenduse sulgete. Sessioonik\u00fcpsised ei salvestata teie seadme k\u00f5vakettale.<\/p><h4 class=\"wp-block-heading\">P\u00fcsik\u00fcpsised<\/h4><p>P\u00fcsik\u00fcpsiseid hoitakse teie k\u00f5vakettal, kuni te need kustutate v\u00f5i need aeguvad. P\u00fcsik\u00fcpsistest saadud andmeid v\u00f5ime me s\u00e4ilitada maksimaalselt 2 aastat.<\/p><p>K\u00fcpsised salvestatakse teie seadmesse vaid teie n\u00f5usolekul, v\u00e4lja arvatud k\u00fcpsised, mis on vajalikud ainult Bizplay Platvormi tehniliseks toimimiseks. Palume siiski arvestada, et kui te k\u00fcpsiste kasutamisega ei n\u00f5ustu, ei pruugi teatud te teatud Bizplay Platvormi funktsioone kasutada.<\/p><p>Samuti palume arvestada, et kolmandad isikud (n\u00e4iteks reklaamiv\u00f5rgustikud ning veebiliikluse anal\u00fc\u00fcsijad ja muude v\u00e4liste teenuste pakkujad) v\u00f5ivad kasutada k\u00fcpsiseid, mille \u00fcle meil kontroll puudub.<\/p><h5 class=\"wp-block-heading\">Kuidas k\u00fcpsiseid hallata?<\/h5><p>Te saate k\u00fcpsiseid hallata ja\/v\u00f5i kustutada oma \u00e4ran\u00e4gemisel \u2013 \u00fcksikasjalikumalt vt <a href=\"http:\/\/www.youronlinechoices.com\" target=\"_blank\" rel=\"noopener\">www.youronlinechoices.com<\/a>. Teil on v\u00f5imalus kustutada k\u00f5ik oma seadmes olevad k\u00fcpsised ning enamikku veebibrausereid saab seada k\u00fcpsistest keelduma. Ent kui te seda teete, v\u00f5ib juhtuda, et teatud eelistused tuleb igal k\u00fclastusel uuesti k\u00e4sitsi sisestada ning osa teenuseid ja funktsioone ei pruugi t\u00f6\u00f6tada.<\/p><h2 class=\"wp-block-heading\">2. ISIKUANDMETE EDASTAMINE JA AVALDAMINE<\/h2><p>Teeme k\u00f5ik meist s\u00f5ltuva, et hoida teie isikuandmed kaitstuna ning n\u00f5uame oma t\u00f6\u00f6tajatelt ja partneritelt ranget turvalisust ja konfidentsiaalsust.<\/p><p>V\u00f5ime avaldada teie isikuandmeid:<\/p><ul class=\"wp-block-list\"><li>oma usaldusv\u00e4\u00e4rsete teenusepakkujatele, kes osutavad meile v\u00f5i teile teenuseid volitatud t\u00f6\u00f6tlejatena vastavalt meie juhistele. Teie isikuandmete kasutamine on alati meie kontrolli all ja me vastutame selle eest;<\/li>\n\n<li>ametiv\u00f5imudele, kui see on seadusest tulenevalt kohustuslik v\u00f5i kui ametiasutus esitab meile \u00f5igusp\u00e4rase teaben\u00f5ude; ja<\/li>\n\n<li>seoses meie \u00fchinemise, \u00fclev\u00f5tmise v\u00f5i meie ettev\u00f5tte v\u00f5i selle osa m\u00fc\u00fcgiga.<\/li><\/ul><p>Privaatsustingimuste p\u00e4ises m\u00e4rgitud \u201eviimati uuendatud\u201c kuup\u00e4eva seisuga kasutame me j\u00e4rgnevaid volitatud t\u00f6\u00f6tlejaid vastavatel eesm\u00e4rkidel:<\/p><ul class=\"wp-block-list\"><li>Google Analytics, mis pakub meile veebianal\u00fc\u00fctika teenust j\u00e4lgimaks kasutajate navigeerimist ja kasutusandmeid Bizplay Platvormil;<\/li>\n\n<li>Google Tag Manager, mis pakub meile veebianal\u00fc\u00fctika teenust h\u00f5lbustamaks kasutajate interaktsiooni ja kasutusandmete j\u00e4lgimist Bizplay Platvormil; ja<\/li>\n\n<li>Hotjar, mis pakub meile veebianal\u00fc\u00fctika teenust m\u00f5\u00f5tmaks kasutusandmete n\u00e4ol kasutajate kogemust Bizplay Platvormil.<\/li><\/ul><p>V\u00f5ime t\u00e4iendavalt teie isikuandmeid avaldada:<\/p><ul class=\"wp-block-list\"><li>Bizplay t\u00f6\u00f6tajatele, kes vastutavad kliendikoost\u00f6\u00f6 eest ning toetavad kliendisuhteid, samuti t\u00f6\u00f6tajad raamatupidamise, IT hoolduse, \u00e4ritegevuse anal\u00fc\u00fcside ja planeerimise funktsioonides;<\/li>\n\n<li>meie kliendisuhtluse haldamiseks kasutatavate IT s\u00fcsteemide tarnijatele ja pilveteenuse osutajatele ning audiitoritele;<\/li>\n\n<li>pankadele;<\/li>\n\n<li>meie volitatud t\u00f6\u00f6tlejatele ning muudele isikutele, kes on seotud lepingu t\u00e4itmisega;<\/li>\n\n<li>isikutele, kes aitavad meil lepingust tulenevaid \u00f5igusi kasutada (kes pakuvad v\u00f5lgade sissen\u00f5udmise teenuseid, juriidilised konsultandid, kohtud, krediidiinfo ettev\u00f5tted jms);<\/li>\n\n<li>v\u00f5imalike \u00fchinemiste, \u00fclev\u00f5tmiste v\u00f5i meie varade t\u00e4ieliku v\u00f5i osalise m\u00fc\u00fcgiga seotud pooltele.<\/li><\/ul><p>Me ei edasta teie isikuandmeid Euroopa Liidust ega Euroopa Majanduspiirkonnast v\u00e4ljapoole.<\/p><h2 class=\"wp-block-heading\">3. KUI KAUA ME TEIE ISIKUANDMEID S\u00c4ILITAME?<\/h2><p>Me s\u00e4ilitame teie isikuandmeid vaid nii kaua, kui see on Privaatsustingimustes kirjeldatud eesm\u00e4rkide saavutamiseks vajalik v\u00f5i \u00f5igusaktide kohaselt n\u00f5utud.<\/p><p>Enamikku teie isikuandmetest s\u00e4ilitatakse kuni teie ja Bizplay vahelise kliendisuhte l\u00f5puni, st kuni teie Bizplay Platvormi kasutajakonto on aktiivne (kasutajakonto olemasolul). Neid andmeid v\u00f5ime me s\u00e4ilitada kuni 2 aastat p\u00e4rast teie Bizplay Platvormi kasutajakonto kehtivuse l\u00f5ppu. Teatud isikuandmeid v\u00f5idakse s\u00e4ilitada ka p\u00e4rast kliendisuhte l\u00f5ppu, kui kehtivad \u00f5igusaktid seda n\u00f5uavad v\u00f5i lubavad. N\u00e4iteks raamatupidamise algdokumente (n\u00e4iteks s\u00f5lmitud lepingute koopiaid ja arveid) s\u00e4ilitame 7 aastat alates vastava majandusaasta l\u00f5pust, nagu n\u00f5uab kohalduv \u00f5igus. Lepinguga seotud isikuandmeid s\u00e4ilitame 10 aastat alates lepingu l\u00f5ppemisest, tulenevalt maksimaalsest aegumist\u00e4htajast tahtliku rikkumise korral. <\/p><p>Kui teie isikuandmete s\u00e4ilitamine pole enam \u00f5igusaktide alusel n\u00f5utud ega kummagi poole \u00f5iguste v\u00f5i kohustustega seoses vajalik, kustutame me teie isikuandmed j\u00e4\u00e4davalt, kui te ei ole meile andnud vastupidiseid juhiseid ja me ei ole s\u00f5lminud kokkulepet andmete pikemaajaliseks s\u00e4ilitamiseks.<\/p><h2 class=\"wp-block-heading\">4. PRIVAATSUSTINGIMUSTE UUENDAMINE<\/h2><p>Me v\u00f5ime aeg-ajalt Privaatsustingimusi uuendada. Kui me uuendame Privaatsustingimusi, teavitame teid sellest Bizplay Platvormil. Viimati uuendati Privaatsustingimusi eespool m\u00e4rgitud \u201eviimati uuendatud\u201c kuup\u00e4eval.<\/p><h2 class=\"wp-block-heading\">5. TEIE \u00d5IGUSED<\/h2><p>Teil on \u00f5igus tutvuda enda isikuandmetega, mida me t\u00f6\u00f6tleme, taotledes nendele juurdep\u00e4\u00e4su. \u00d5igusaktidega etten\u00e4htud ulatuses on teil \u00f5igus andmetega tutvuda, neid parandada, ajakohastada, muuta v\u00f5i kustutada.<\/p><p>Kui isikuandmed teie n\u00f5udmisel kustutatakse, s\u00e4ilitame me neist koopiad vaid juhul, kui see on vajalik meie ja kolmandate isikute \u00f5igustatud huvide kaitseks, ametiv\u00f5imude korralduste t\u00e4itmiseks, vaidluste lahendamiseks, rikete k\u00f5rvaldamiseks v\u00f5i teiega s\u00f5lmitud lepingute t\u00e4itmise tagamiseks. Palume siiski arvestada, et teatud isikuandmed on Privaatsustingimustes kirjeldatud eesm\u00e4rkide saavutamiseks tingimata vajalikud v\u00f5i \u00f5igusaktide alusel n\u00f5utavad. Neid andmeid te kustutada ei saa.<\/p><p>Kui isikuandmete t\u00f6\u00f6tlemine p\u00f5hineb teie n\u00f5usolekul, on teil \u00f5igus isikuandmete t\u00f6\u00f6tlemiseks antud n\u00f5usolek igal ajal tagasi v\u00f5tta. N\u00f5usoleku tagasiv\u00f5tmine ei m\u00f5juta enne tagasiv\u00f5tmist n\u00f5usoleku alusel toimunud isikuandmete t\u00f6\u00f6tlemise seaduslikkust.<\/p><p>Vastavalt isikuandmete kaitse \u00f5igusaktides s\u00e4testatud tingimustele on teil teatud juhtudel \u00f5igus n\u00f5uda isikuandmete t\u00f6\u00f6tlemise piiramist ja ka esitada vastuv\u00e4iteid teatud isikuandmete t\u00f6\u00f6tlemisele.<\/p><p>Teil on isikuandmete kaitse \u00f5igusaktides s\u00e4testatud tingimustel \u00f5igus andmete \u00fclekandmisele, st \u00f5igus saada enda isikuandmeid korrastatud kujul \u00fcldkasutatavas masinloetavas vormingus ja edastada neid oma \u00e4ran\u00e4gemisel teisele vastutavale t\u00f6\u00f6tlejale.\nAvaldused eespool nimetatud \u00f5iguste kasutamiseks palume v\u00f5tta meiega \u00fchendust e-posti aadressil <a href=\"mailto:info@bizplay.ee\">info@bizplay.ee<\/a>.<\/p><p>Kui te leiate, et me ei t\u00f6\u00f6tle teie isikuandmeid n\u00f5uetekohaselt, on teil \u00f5igus esitada kaebus oma riigi andmekaitseasutusele. Eestis on selleks Andmekaitse Inspektsioon. Andmekaitse Inspektsiooni kontaktandmed leiate siit: <a href=\"http:\/\/www.aki.ee\" target=\"_blank\" rel=\"noopener\">www.aki.ee<\/a>.<\/p><h2 class=\"wp-block-heading\">6. TURVALISUS<\/h2><p>Kasutame asjakohaseid organisatsioonilisi, tehnilisi ja korralduslikke turvameetmeid (sealhulgas f\u00fc\u00fcsilisi, elektroonilisi ja administratiivseid) isikuandmete kaitsmiseks kaotsimineku, h\u00e4vimise, v\u00e4\u00e4rkasutamise ning loata juurdep\u00e4\u00e4su v\u00f5i avaldamise eest. N\u00e4iteks v\u00f5imaldame me teie isikuandmetele juurdep\u00e4\u00e4su \u00fcksnes volitatud t\u00f6\u00f6tajatele ja t\u00f6\u00f6v\u00f5tjatele, kes vajavad neid oma t\u00f6\u00f6\u00fclesannete t\u00e4itmiseks.<\/p><p>Palume arvestada, et kuigi me p\u00fc\u00fcame isikuandmete turvalisust m\u00f5istlike meetmetega kaitsta, ei v\u00e4lista \u00fckski s\u00fcsteem t\u00e4ielikult k\u00f5iki v\u00f5imalikke turvariske.<\/p><h2 class=\"wp-block-heading\">7. BIZPLAY KONTAKTANDMED<\/h2><p>Kui teil on k\u00fcsimusi seoses Privaatsustingimuste v\u00f5i isikuandmetega, mida me teie kohta t\u00f6\u00f6tleme, palume v\u00f5tta meiega \u00fchendust e-posti aadressil <a href=\"mailto:info@bizplay.ee\">info@bizplay.ee<\/a>.<\/p>","protected":false},"excerpt":{"rendered":"<p>BIZPLAY PLATVORM Meie veebilehe aadress: https:\/\/my.bizplay.ee. Viimati uuendatud: 05. mai 2022 Bizplay kogub isikuandmeid veebisaidi bizplay.ee ja muude Bizplay poolt &hellip; <\/p>\n","protected":false},"author":1,"featured_media":0,"parent":0,"menu_order":0,"comment_status":"closed","ping_status":"closed","template":"","meta":{"_acf_changed":false,"_breakdance_hide_in_design_set":false,"_breakdance_tags":"","footnotes":""},"class_list":["post-2228","page","type-page","status-publish","hentry"],"acf":[],"_links":{"self":[{"href":"https:\/\/my.bizplay.ee\/et\/wp-json\/wp\/v2\/pages\/2228"}],"collection":[{"href":"https:\/\/my.bizplay.ee\/et\/wp-json\/wp\/v2\/pages"}],"about":[{"href":"https:\/\/my.bizplay.ee\/et\/wp-json\/wp\/v2\/types\/page"}],"author":[{"embeddable":true,"href":"https:\/\/my.bizplay.ee\/et\/wp-json\/wp\/v2\/users\/1"}],"replies":[{"embeddable":true,"href":"https:\/\/my.bizplay.ee\/et\/wp-json\/wp\/v2\/comments?post=2228"}],"version-history":[{"count":2,"href":"https:\/\/my.bizplay.ee\/et\/wp-json\/wp\/v2\/pages\/2228\/revisions"}],"predecessor-version":[{"id":2230,"href":"https:\/\/my.bizplay.ee\/et\/wp-json\/wp\/v2\/pages\/2228\/revisions\/2230"}],"wp:attachment":[{"href":"https:\/\/my.bizplay.ee\/et\/wp-json\/wp\/v2\/media?parent=2228"}],"curies":[{"name":"wp","href":"https:\/\/api.w.org\/{rel}","templated":true}]}}